{"id":308,"date":"2020-01-13T11:17:52","date_gmt":"2020-01-13T11:17:52","guid":{"rendered":"https:\/\/demosites.io\/web-agency-gb\/?page_id=5"},"modified":"2025-10-18T06:19:55","modified_gmt":"2025-10-18T06:19:55","slug":"15c42-web-agency-gb-home","status":"publish","type":"page","link":"https:\/\/memola.md\/","title":{"rendered":""},"content":{"rendered":"\n<div class=\"wp-block-cover alignfull\" style=\"min-height:700px;aspect-ratio:unset;\"><img loading=\"lazy\" decoding=\"async\" width=\"1024\" height=\"555\" class=\"wp-block-cover__image-background wp-image-366 size-large\" alt=\"\" src=\"https:\/\/memola.md\/wp-content\/uploads\/2025\/10\/img-04-1024x555.jpg\" data-object-fit=\"cover\" srcset=\"https:\/\/memola.md\/wp-content\/uploads\/2025\/10\/img-04-1024x555.jpg 1024w, https:\/\/memola.md\/wp-content\/uploads\/2025\/10\/img-04-300x163.jpg 300w, https:\/\/memola.md\/wp-content\/uploads\/2025\/10\/img-04-768x416.jpg 768w, https:\/\/memola.md\/wp-content\/uploads\/2025\/10\/img-04-1536x832.jpg 1536w, https:\/\/memola.md\/wp-content\/uploads\/2025\/10\/img-04.jpg 1920w\" sizes=\"auto, (max-width: 1024px) 100vw, 1024px\" \/><span aria-hidden=\"true\" class=\"wp-block-cover__background has-background-dim-0 has-background-dim\" style=\"background-color:#63687f\"><\/span><div class=\"wp-block-cover__inner-container is-layout-flow wp-block-cover-is-layout-flow\">\n<h1 class=\"wp-block-heading has-text-align-center has-base-color has-text-color\"><strong>G\u00fcvenilir Seyehat<\/strong><\/h1>\n\n\n\n<div class=\"wp-block-buttons is-horizontal is-content-justification-center is-layout-flex wp-container-core-buttons-is-layout-03627597 wp-block-buttons-is-layout-flex\">\n<div class=\"wp-block-button is-style-primary\"><a class=\"wp-block-button__link has-background wp-element-button\" href=\"https:\/\/memola.md\/?page_id=444\" style=\"background-color:#ffa600\">\u0130leti\u015fime Ge\u00e7<\/a><\/div>\n<\/div>\n\n\n\n<div style=\"height:80px\" aria-hidden=\"true\" class=\"wp-block-spacer\"><\/div>\n\n\n\n<div style=\"height:80px\" aria-hidden=\"true\" class=\"wp-block-spacer\"><\/div>\n<\/div><\/div>\n\n\n\n<div id=\"wp-block-themeisle-blocks-advanced-columns-b4146d26\" class=\"wp-block-themeisle-blocks-advanced-columns alignfull has-3-columns has-desktop-equal-layout has-tablet-equal-layout has-mobile-collapsedRows-layout has-vertical-center ticss-c00aadba\"><div class=\"wp-block-themeisle-blocks-advanced-columns-overlay\"><\/div><div class=\"innerblocks-wrap\">\n<div id=\"wp-block-themeisle-blocks-advanced-column-18fe4a0a\" class=\"wp-block-themeisle-blocks-advanced-column\">\n<div id=\"wp-block-themeisle-blocks-font-awesome-icons-097e65ab\" class=\"wp-block-themeisle-blocks-font-awesome-icons\"><span class=\"wp-block-themeisle-blocks-font-awesome-icons-container\"><svg xmlns=\"http:\/\/www.w3.org\/2000\/svg\" viewBox=\"0 0 1800 1800\"><path d=\"M872.831,1326.446c-1.999,0.113-3.853-0.183-5.733-0.53c-6.064-1.076-11.863-3.945-16.53-8.611 l-514.859-514.86c-5.852-5.855-9.138-13.792-9.138-22.068c0-8.275,3.287-16.212,9.142-22.067L455.5,638.535 c12.189-12.185,31.954-12.185,44.126,0l373.109,373.1l727.884-727.89c12.189-12.185,31.949-12.185,44.131,0l119.788,119.784 c5.855,5.851,9.142,13.792,9.142,22.067s-3.286,16.212-9.137,22.063l-869.649,869.645 C889.043,1323.155,881.106,1326.446,872.831,1326.446z M401.905,780.377l470.825,470.83l825.614-825.61l-75.657-75.653 l-727.885,727.889c-12.19,12.186-31.95,12.186-44.13,0L477.563,704.729L401.905,780.377z\"><\/path><path d=\"M1692.376,662.67c22.568,75.209,34.758,154.872,34.758,237.334c0,456.08-371.054,827.129-827.138,827.129 c-456.08,0-827.129-371.05-827.129-827.129c0-456.084,371.049-827.138,827.129-827.138c213.186,0,407.787,81.086,554.605,214.022 l44.161-44.165C1340.604,98.513,1130.391,10.456,899.996,10.456c-490.494,0-889.54,399.051-889.54,889.548 s399.046,889.54,889.54,889.54c490.498,0,889.548-399.042,889.548-889.54c0-100.372-16.734-196.909-47.517-286.985 L1692.376,662.67z\"><\/path><\/svg><\/span><\/div>\n\n\n\n<h3 id=\"wp-block-themeisle-blocks-advanced-heading-788243ec\" class=\"wp-block-themeisle-blocks-advanced-heading wp-block-themeisle-blocks-advanced-heading-788243ec\">Proje<\/h3>\n\n\n\n<p class=\"has-text-align-center\">Projelendirme<\/p>\n\n\n\n<div class=\"wp-block-buttons is-vertical is-content-justification-center is-layout-flex wp-container-core-buttons-is-layout-9f5e29b6 wp-block-buttons-is-layout-flex\">\n<div class=\"wp-block-button has-custom-width wp-block-button__width-100 is-style-primary\"><a class=\"wp-block-button__link wp-element-button\" href=\"https:\/\/memola.md\/?page_id=444\">Detayl\u0131 Bilgi Al<\/a><\/div>\n<\/div>\n<\/div>\n\n\n\n<div id=\"wp-block-themeisle-blocks-advanced-column-b86925fa\" class=\"wp-block-themeisle-blocks-advanced-column\">\n<div id=\"wp-block-themeisle-blocks-font-awesome-icons-2c08e72d\" class=\"wp-block-themeisle-blocks-font-awesome-icons\"><span class=\"wp-block-themeisle-blocks-font-awesome-icons-container\"><svg xmlns=\"http:\/\/www.w3.org\/2000\/svg\" viewBox=\"0 0 1800 1800\"><path d=\"M1506.693,279.092h-150.36v-85.277c0-17.353-14.065-31.418-31.419-31.418h-227.317 C1078.205,70.574,996.5,2.304,900.003,2.304c-96.499,0-178.202,68.27-197.595,160.092H475.091 c-17.353,0-31.419,14.065-31.419,31.418v85.277H293.307c-17.353,0-31.419,14.066-31.419,31.419v1455.764 c0,17.353,14.066,31.419,31.419,31.419h1213.386c17.354,0,31.42-14.066,31.42-31.419V310.511 C1538.113,293.158,1524.047,279.092,1506.693,279.092z M506.511,225.234h223.28c16.617,0,30.354-12.935,31.362-29.517 c4.436-73.219,65.424-130.574,138.85-130.574c73.425,0,134.413,57.355,138.849,130.574c1.009,16.582,14.746,29.517,31.363,29.517 h223.28v53.858v62.838v74.81H506.511v-74.81v-62.838V225.234z M1475.274,1734.855H324.728V341.93h118.944v106.229 c0,17.354,14.066,31.419,31.419,31.419h849.823c17.354,0,31.419-14.066,31.419-31.419V341.93h118.941V1734.855z\"><\/path><path d=\"M663.633,684.019L534.366,813.291l-57.803-57.806c-12.272-12.265-32.164-12.265-44.437,0 c-12.269,12.272-12.269,32.164,0,44.437l80.021,80.022c6.136,6.132,14.176,9.201,22.219,9.201c8.043,0,16.083-3.069,22.219-9.201 l151.486-151.486c12.269-12.273,12.269-32.165,0-44.438C695.799,671.755,675.907,671.755,663.633,684.019z\"><\/path><path d=\"M824.996,750.563c-17.354,0-31.419,14.066-31.419,31.419c0,17.354,14.066,31.419,31.419,31.419h520.665 c17.354,0,31.419-14.066,31.419-31.419c0-17.353-14.065-31.419-31.419-31.419H824.996z\"><\/path><path d=\"M663.633,1039.925l-129.267,129.272l-57.803-57.807c-12.272-12.265-32.164-12.265-44.437,0 c-12.269,12.272-12.269,32.164,0,44.438l80.021,80.021c6.136,6.133,14.176,9.2,22.219,9.2c8.043,0,16.083-3.067,22.219-9.2 l151.486-151.486c12.269-12.272,12.269-32.163,0-44.438C695.799,1027.66,675.907,1027.66,663.633,1039.925z\"><\/path><path d=\"M1345.661,1106.467H824.996c-17.354,0-31.419,14.066-31.419,31.42s14.066,31.42,31.419,31.42h520.665 c17.354,0,31.419-14.066,31.419-31.42S1363.015,1106.467,1345.661,1106.467z\"><\/path><path d=\"M663.633,1395.83l-129.267,129.272l-57.803-57.808c-12.272-12.264-32.164-12.264-44.437,0 c-12.269,12.274-12.269,32.166,0,44.439l80.021,80.021c6.136,6.132,14.176,9.199,22.219,9.199c8.043,0,16.083-3.067,22.219-9.199 l151.486-151.486c12.269-12.274,12.269-32.166,0-44.438C695.799,1383.566,675.907,1383.566,663.633,1395.83z\"><\/path><path d=\"M1345.661,1462.373H824.996c-17.354,0-31.419,14.066-31.419,31.42s14.066,31.418,31.419,31.418h520.665 c17.354,0,31.419-14.064,31.419-31.418S1363.015,1462.373,1345.661,1462.373z\"><\/path><\/svg><\/span><\/div>\n\n\n\n<h3 id=\"wp-block-themeisle-blocks-advanced-heading-77194bee\" class=\"wp-block-themeisle-blocks-advanced-heading wp-block-themeisle-blocks-advanced-heading-77194bee\">\u00dcretim<\/h3>\n\n\n\n<p class=\"has-text-align-center\">\u00c7e\u015fitli \u00fcretim yat\u0131r\u0131m<\/p>\n\n\n\n<div class=\"wp-block-buttons is-vertical is-content-justification-center is-layout-flex wp-container-core-buttons-is-layout-9f5e29b6 wp-block-buttons-is-layout-flex\">\n<div class=\"wp-block-button has-custom-width wp-block-button__width-100 is-style-primary\"><a class=\"wp-block-button__link wp-element-button\" href=\"https:\/\/memola.md\/?page_id=444\">Detayl\u0131 Bilgi Al<\/a><\/div>\n<\/div>\n<\/div>\n\n\n\n<div id=\"wp-block-themeisle-blocks-advanced-column-d194c3b0\" class=\"wp-block-themeisle-blocks-advanced-column\">\n<div id=\"wp-block-themeisle-blocks-font-awesome-icons-b1f77afd\" class=\"wp-block-themeisle-blocks-font-awesome-icons\"><span class=\"wp-block-themeisle-blocks-font-awesome-icons-container\"><svg xmlns=\"http:\/\/www.w3.org\/2000\/svg\" viewBox=\"0 0 1800 1800\"><path d=\"M1541.606,1540.146l0.009-0.008c35.598-35.594,35.598-93.52,0-129.121 c-17.24-17.236-40.178-26.745-64.569-26.745c-24.378,0-47.314,9.509-64.564,26.763c-35.588,35.584-35.588,93.51,0.009,129.104 C1448.096,1575.73,1506.014,1575.73,1541.606,1540.146z M1440.885,1511.743c-9.656-9.655-14.975-22.498-14.975-36.165 c0-13.659,5.318-26.511,14.975-36.167c9.665-9.655,22.512-14.979,36.175-14.979c13.659,0,26.497,5.323,36.161,14.979 c19.938,19.945,19.938,52.387-0.008,72.332C1493.271,1531.689,1460.831,1531.681,1440.885,1511.743z\"><\/path><path d=\"M1700.934,402.736c0.021-0.026,0.047-0.043,0.068-0.065c0.044-0.043,0.083-0.091,0.127-0.134l5.504-5.505 l-0.138-0.139c81.836-87.814,80.038-225.814-5.507-311.356c-42.353-42.357-98.664-65.685-158.565-65.685 c-57.228,0-111.154,21.339-152.792,60.18l-0.134-0.134l-5.511,5.507c-0.043,0.046-0.09,0.085-0.134,0.131 c-0.021,0.021-0.039,0.045-0.061,0.069L66.371,1403.02l0.513,0.513c-7.364,4.749-12.699,12.548-13.98,21.907L9.578,1741.903 c-1.319,9.647,1.95,19.347,8.831,26.232c5.875,5.87,13.807,9.108,22.004,9.108c1.402,0,2.813-0.095,4.224-0.286l316.451-43.338 c9.365-1.276,17.163-6.617,21.912-13.98l0.512,0.513L1700.934,402.736z M1542.423,82.094c43.272,0,83.954,16.852,114.551,47.452 c55.643,55.638,62.276,142.02,19.897,204.983L1451.973,109.64C1478.482,91.724,1509.717,82.094,1542.423,82.094z M1389.497,167.919l229.113,229.112L383.512,1632.129l-86.195-86.19l991.423-991.409l-59.351-59.342l-991.41,991.418 l-83.585-83.586L1389.497,167.919z M76.804,1709.731l35.68-260.604l224.915,224.916L76.804,1709.731z\"><\/path><path d=\"M506.941,804.479l56.789-56.789l-454.446-454.45l185.432-185.437l87.924,87.932l-63.792,63.783 l50.362,50.359l63.792-63.779l51.262,51.258l-63.792,63.788l50.363,50.354l63.797-63.779l51.257,51.267l-94.375,94.353 l50.376,50.363l94.362-94.362l62.502,62.498l-63.792,63.801l50.363,50.354l63.792-63.792l0.043,0.047l56.789-56.789 L323.106,22.622c-15.682-15.686-41.102-15.686-56.784,0L24.102,264.845c-15.687,15.683-15.687,41.107,0,56.789L506.941,804.479z\"><\/path><path d=\"M1778.944,1478.287c-0.726-0.729-1.478-1.424-2.241-2.085l-505.282-505.273l-151.159,151.159l50.259,50.26 l94.371-94.37l428.79,428.782l-185.441,185.432l-479.045-479.041l-56.789,56.798l507.437,507.427 c15.682,15.69,41.102,15.69,56.788,0l242.234-242.213c0.021-0.034,0.048-0.052,0.079-0.086 C1794.63,1519.402,1794.63,1493.969,1778.944,1478.287z\"><\/path><\/svg><\/span><\/div>\n\n\n\n<h3 id=\"wp-block-themeisle-blocks-advanced-heading-9d66dcad\" class=\"wp-block-themeisle-blocks-advanced-heading wp-block-themeisle-blocks-advanced-heading-9d66dcad\">\u0130novason<\/h3>\n\n\n\n<p class=\"has-text-align-center\">Deney\u0131ml\u0131 Ekip<\/p>\n\n\n\n<div class=\"wp-block-buttons is-vertical is-content-justification-center is-layout-flex wp-container-core-buttons-is-layout-9f5e29b6 wp-block-buttons-is-layout-flex\">\n<div class=\"wp-block-button has-custom-width wp-block-button__width-100 is-style-primary\"><a class=\"wp-block-button__link wp-element-button\" href=\"https:\/\/memola.md\/?page_id=444\">Detayl\u0131 Bilgi Al<\/a><\/div>\n<\/div>\n<\/div>\n<\/div><\/div>\n\n\n\n<div id=\"wp-block-themeisle-blocks-advanced-columns-a2946a77\" class=\"wp-block-themeisle-blocks-advanced-columns alignfull has-2-columns has-desktop-equal-layout has-tablet-equal-layout has-mobile-collapsedRows-layout has-vertical-center ticss-a2946a77  has-dark-bg\"><div class=\"wp-block-themeisle-blocks-advanced-columns-overlay\"><\/div><div class=\"innerblocks-wrap\">\n<div id=\"wp-block-themeisle-blocks-advanced-column-92b2db05\" class=\"wp-block-themeisle-blocks-advanced-column\">\n<h2 id=\"wp-block-themeisle-blocks-advanced-heading-8f1f2647\" class=\"wp-block-themeisle-blocks-advanced-heading wp-block-themeisle-blocks-advanced-heading-8f1f2647\">Turizim Ve Seyehat<\/h2>\n\n\n\n<p class=\"has-white-color has-text-color\">Ki\u015finev b\u00fckre\u015f kiev alanya<\/p>\n\n\n\n<div class=\"wp-block-buttons is-layout-flex wp-block-buttons-is-layout-flex\">\n<div class=\"wp-block-button is-style-primary\"><a class=\"wp-block-button__link has-accent-3-background-color has-background wp-element-button\" href=\"https:\/\/memola.md\/?page_id=444\"><strong>Bilgi Al<\/strong><\/a><\/div>\n<\/div>\n<\/div>\n\n\n\n<div id=\"wp-block-themeisle-blocks-advanced-column-bbddf55b\" class=\"wp-block-themeisle-blocks-advanced-column\">\n<figure class=\"wp-block-image size-full\"><img loading=\"lazy\" decoding=\"async\" width=\"1536\" height=\"1152\" src=\"https:\/\/memola.md\/wp-content\/uploads\/2025\/10\/Kisinev-gezi-rehberi-Kisinev-gezilecek-yerler-Moldova-gezisi-moldova-gezilecek-yerler-kisinev-gezi-rehberi-kisinev-gezisi-kisinevde-gezilecek-yerler.webp\" alt=\"\" class=\"wp-image-402\" srcset=\"https:\/\/memola.md\/wp-content\/uploads\/2025\/10\/Kisinev-gezi-rehberi-Kisinev-gezilecek-yerler-Moldova-gezisi-moldova-gezilecek-yerler-kisinev-gezi-rehberi-kisinev-gezisi-kisinevde-gezilecek-yerler.webp 1536w, https:\/\/memola.md\/wp-content\/uploads\/2025\/10\/Kisinev-gezi-rehberi-Kisinev-gezilecek-yerler-Moldova-gezisi-moldova-gezilecek-yerler-kisinev-gezi-rehberi-kisinev-gezisi-kisinevde-gezilecek-yerler-300x225.webp 300w, https:\/\/memola.md\/wp-content\/uploads\/2025\/10\/Kisinev-gezi-rehberi-Kisinev-gezilecek-yerler-Moldova-gezisi-moldova-gezilecek-yerler-kisinev-gezi-rehberi-kisinev-gezisi-kisinevde-gezilecek-yerler-1024x768.webp 1024w, https:\/\/memola.md\/wp-content\/uploads\/2025\/10\/Kisinev-gezi-rehberi-Kisinev-gezilecek-yerler-Moldova-gezisi-moldova-gezilecek-yerler-kisinev-gezi-rehberi-kisinev-gezisi-kisinevde-gezilecek-yerler-768x576.webp 768w\" sizes=\"auto, (max-width: 1536px) 100vw, 1536px\" \/><\/figure>\n<\/div>\n<\/div><\/div>\n\n\n\n<div id=\"wp-block-themeisle-blocks-advanced-columns-bbb0a584\" class=\"wp-block-themeisle-blocks-advanced-columns alignfull has-2-columns has-desktop-equal-layout has-tablet-equal-layout has-mobile-collapsedRows-layout has-vertical-center ticss-a2946a77  has-dark-bg\"><div class=\"wp-block-themeisle-blocks-advanced-columns-overlay\"><\/div><div class=\"innerblocks-wrap\">\n<div id=\"wp-block-themeisle-blocks-advanced-column-f06cfae1\" class=\"wp-block-themeisle-blocks-advanced-column\">\n<figure class=\"wp-block-image size-full\"><img loading=\"lazy\" decoding=\"async\" width=\"1920\" height=\"1080\" src=\"https:\/\/memola.md\/wp-content\/uploads\/2025\/10\/Invest4Land-Agriculture-Real-Estate-Invest-Investment-Investing-Investor-Walnut-Farmlands-Managed-Farmland-Agrobusiness3-1.jpg\" alt=\"\" class=\"wp-image-403\" srcset=\"https:\/\/memola.md\/wp-content\/uploads\/2025\/10\/Invest4Land-Agriculture-Real-Estate-Invest-Investment-Investing-Investor-Walnut-Farmlands-Managed-Farmland-Agrobusiness3-1.jpg 1920w, https:\/\/memola.md\/wp-content\/uploads\/2025\/10\/Invest4Land-Agriculture-Real-Estate-Invest-Investment-Investing-Investor-Walnut-Farmlands-Managed-Farmland-Agrobusiness3-1-300x169.jpg 300w, https:\/\/memola.md\/wp-content\/uploads\/2025\/10\/Invest4Land-Agriculture-Real-Estate-Invest-Investment-Investing-Investor-Walnut-Farmlands-Managed-Farmland-Agrobusiness3-1-1024x576.jpg 1024w, https:\/\/memola.md\/wp-content\/uploads\/2025\/10\/Invest4Land-Agriculture-Real-Estate-Invest-Investment-Investing-Investor-Walnut-Farmlands-Managed-Farmland-Agrobusiness3-1-768x432.jpg 768w, https:\/\/memola.md\/wp-content\/uploads\/2025\/10\/Invest4Land-Agriculture-Real-Estate-Invest-Investment-Investing-Investor-Walnut-Farmlands-Managed-Farmland-Agrobusiness3-1-1536x864.jpg 1536w\" sizes=\"auto, (max-width: 1920px) 100vw, 1920px\" \/><\/figure>\n<\/div>\n\n\n\n<div id=\"wp-block-themeisle-blocks-advanced-column-9fa18220\" class=\"wp-block-themeisle-blocks-advanced-column\">\n<h2 id=\"wp-block-themeisle-blocks-advanced-heading-2275fd23\" class=\"wp-block-themeisle-blocks-advanced-heading wp-block-themeisle-blocks-advanced-heading-2275fd23\">Zirai Yat\u0131r\u0131m<\/h2>\n\n\n\n<p class=\"has-white-color has-text-color\">M\u0131s\u0131r soya pamuk bugday<\/p>\n\n\n\n<div class=\"wp-block-buttons is-layout-flex wp-block-buttons-is-layout-flex\">\n<div class=\"wp-block-button is-style-primary\"><a class=\"wp-block-button__link has-accent-3-background-color has-background wp-element-button\" href=\"https:\/\/memola.md\/?page_id=444\"><strong>Bilgi Al<\/strong><\/a><\/div>\n<\/div>\n<\/div>\n<\/div><\/div>\n","protected":false},"excerpt":{"rendered":"","protected":false},"author":1,"featured_media":0,"parent":0,"menu_order":0,"comment_status":"closed","ping_status":"closed","template":"","meta":{"_themeisle_gutenberg_block_has_review":false,"footnotes":""},"class_list":["post-308","page","type-page","status-publish","hentry"],"_links":{"self":[{"href":"https:\/\/memola.md\/index.php?rest_route=\/wp\/v2\/pages\/308","targetHints":{"allow":["GET"]}}],"collection":[{"href":"https:\/\/memola.md\/index.php?rest_route=\/wp\/v2\/pages"}],"about":[{"href":"https:\/\/memola.md\/index.php?rest_route=\/wp\/v2\/types\/page"}],"author":[{"embeddable":true,"href":"https:\/\/memola.md\/index.php?rest_route=\/wp\/v2\/users\/1"}],"replies":[{"embeddable":true,"href":"https:\/\/memola.md\/index.php?rest_route=%2Fwp%2Fv2%2Fcomments&post=308"}],"version-history":[{"count":16,"href":"https:\/\/memola.md\/index.php?rest_route=\/wp\/v2\/pages\/308\/revisions"}],"predecessor-version":[{"id":459,"href":"https:\/\/memola.md\/index.php?rest_route=\/wp\/v2\/pages\/308\/revisions\/459"}],"wp:attachment":[{"href":"https:\/\/memola.md\/index.php?rest_route=%2Fwp%2Fv2%2Fmedia&parent=308"}],"curies":[{"name":"wp","href":"https:\/\/api.w.org\/{rel}","templated":true}]}}